{"id":21,"date":"2021-02-11T15:36:19","date_gmt":"2021-02-11T13:36:19","guid":{"rendered":"https:\/\/friseur-salon-frisko-boeblingen.de\/?page_id=21"},"modified":"2021-02-11T17:14:43","modified_gmt":"2021-02-11T15:14:43","slug":"impressum","status":"publish","type":"page","link":"https:\/\/friseur-salon-frisko-boeblingen.de\/?page_id=21","title":{"rendered":"Impressum"},"content":{"rendered":"<p>Verantwortlich f\u00fcr den Inhalt:<\/p>\n<p>Sandra Kleinhans<br \/>\nBrunnenstra\u00dfe 31<br \/>\n71032 B\u00f6blingen<\/p>\n<p>Tel. 07031 \/ 27 22 27<\/p>\n<p>Email: info@friseur-frisko.de<\/p>\n<p>Umsatzsteueridentifikationsnummer: DE 175333288.<\/p>\n<p>Haftungsausschluss: Die Gestaltung, Bilder und Inhalte sind urheberrechtlich gesch\u00fctzt und d\u00fcrfen nicht kopiert oder anderweitig verwendet werden. Wir distanzieren uns von allen externen Inhalten, die \u00fcber Links von dieser Seite aus erreichbar sind. Wir \u00fcbernehmen keinerlei Verantwortung f\u00fcr Seiten, die auf uns verlinken.<\/p>\n","protected":false},"excerpt":{"rendered":"<p>Verantwortlich f\u00fcr den Inhalt: Sandra Kleinhans Brunnenstra\u00dfe 31 71032 B\u00f6blingen Tel. 07031 \/ 27 22 27 Email: info@friseur-frisko.de Umsatzsteueridentifikationsnummer: DE 175333288. Haftungsausschluss: [&hellip;]<\/p>\n","protected":false},"author":2,"featured_media":0,"parent":0,"menu_order":8,"comment_status":"closed","ping_status":"closed","template":"","meta":{"ngg_post_thumbnail":0,"footnotes":""},"class_list":["post-21","page","type-page","status-publish","hentry"],"_links":{"self":[{"href":"https:\/\/friseur-salon-frisko-boeblingen.de\/index.php?rest_route=\/wp\/v2\/pages\/21","targetHints":{"allow":["GET"]}}],"collection":[{"href":"https:\/\/friseur-salon-frisko-boeblingen.de\/index.php?rest_route=\/wp\/v2\/pages"}],"about":[{"href":"https:\/\/friseur-salon-frisko-boeblingen.de\/index.php?rest_route=\/wp\/v2\/types\/page"}],"author":[{"embeddable":true,"href":"https:\/\/friseur-salon-frisko-boeblingen.de\/index.php?rest_route=\/wp\/v2\/users\/2"}],"replies":[{"embeddable":true,"href":"https:\/\/friseur-salon-frisko-boeblingen.de\/index.php?rest_route=%2Fwp%2Fv2%2Fcomments&post=21"}],"version-history":[{"count":4,"href":"https:\/\/friseur-salon-frisko-boeblingen.de\/index.php?rest_route=\/wp\/v2\/pages\/21\/revisions"}],"predecessor-version":[{"id":71,"href":"https:\/\/friseur-salon-frisko-boeblingen.de\/index.php?rest_route=\/wp\/v2\/pages\/21\/revisions\/71"}],"wp:attachment":[{"href":"https:\/\/friseur-salon-frisko-boeblingen.de\/index.php?rest_route=%2Fwp%2Fv2%2Fmedia&parent=21"}],"curies":[{"name":"wp","href":"https:\/\/api.w.org\/{rel}","templated":true}]}}