{"id":13,"date":"2021-02-11T10:52:09","date_gmt":"2021-02-11T08:52:09","guid":{"rendered":"https:\/\/friseur-salon-frisko-boeblingen.de\/?page_id=13"},"modified":"2021-03-07T17:59:43","modified_gmt":"2021-03-07T15:59:43","slug":"salon","status":"publish","type":"page","link":"https:\/\/friseur-salon-frisko-boeblingen.de\/?page_id=13","title":{"rendered":"Salon"},"content":{"rendered":"\r\n<p style=\"text-align: center;\"><em><strong>Herzlich Willkommen<\/strong><\/em><br \/><em><strong>in Ihrer Wohlf\u00fchl-Oase<\/strong><\/em><br \/><em><strong>Frisko Friseur und Kosmetik<\/strong><\/em><\/p>\r\n<p style=\"text-align: center;\">Sch\u00f6n, dass Sie da sind&#8220;<br \/>Wir w\u00fcnschen, dass Sie sich in unserem<br \/>hellen, warmen und individuellen Ambiente<br \/>entspannen und zur Ruhe kommen!<\/p>\r\n<p style=\"text-align: center;\">Genie\u00dfen Sie Ihren Besuch bei uns, wir verw\u00f6hnen Sie<br \/>gerne mit unserem speziellen Service der f\u00fcr Ihr<br \/>Wohlbefinden sorgt. Erweitern Sie ihn doch um ein<br \/>exklusives Beauty-Upgrade!<\/p>\r\n<p style=\"text-align: center;\">Intensiv Haarpflege &#8211; SPA Behandlungen<br \/>Power f\u00fcr die Kopfhaut Behandlungen<br \/>Augenpflege &#8211; Augenlifting<br \/>H\u00e4nde &#8211; SPA Behandlungen<br \/>Wellness &#8211; Massagen<\/p>\r\n<p style=\"text-align: center;\">Sie sp\u00fcren, Sie sind unser Gast und k\u00f6nnen den<br \/>Aufenthalt geniessen!<\/p>\r\n<p style=\"text-align: center;\">Wir freuen uns auf Sie!<\/p>\r\n<p><img loading=\"lazy\" decoding=\"async\" class=\"aligncenter wp-image-105 size-large\" src=\"https:\/\/friseur-salon-frisko-boeblingen.de\/wp-content\/uploads\/2021\/03\/Konzept1-1024x681.jpg\" alt=\"\" width=\"1024\" height=\"681\" srcset=\"https:\/\/friseur-salon-frisko-boeblingen.de\/wp-content\/uploads\/2021\/03\/Konzept1-1024x681.jpg 1024w, https:\/\/friseur-salon-frisko-boeblingen.de\/wp-content\/uploads\/2021\/03\/Konzept1-300x200.jpg 300w, https:\/\/friseur-salon-frisko-boeblingen.de\/wp-content\/uploads\/2021\/03\/Konzept1-768x511.jpg 768w, https:\/\/friseur-salon-frisko-boeblingen.de\/wp-content\/uploads\/2021\/03\/Konzept1-1536x1022.jpg 1536w, https:\/\/friseur-salon-frisko-boeblingen.de\/wp-content\/uploads\/2021\/03\/Konzept1-2048x1363.jpg 2048w, https:\/\/friseur-salon-frisko-boeblingen.de\/wp-content\/uploads\/2021\/03\/Konzept1-830x552.jpg 830w, https:\/\/friseur-salon-frisko-boeblingen.de\/wp-content\/uploads\/2021\/03\/Konzept1-230x153.jpg 230w, https:\/\/friseur-salon-frisko-boeblingen.de\/wp-content\/uploads\/2021\/03\/Konzept1-350x233.jpg 350w, https:\/\/friseur-salon-frisko-boeblingen.de\/wp-content\/uploads\/2021\/03\/Konzept1-480x319.jpg 480w\" sizes=\"auto, (max-width: 1024px) 100vw, 1024px\" \/><\/p>\r\n","protected":false},"excerpt":{"rendered":"<p>Herzlich Willkommenin Ihrer Wohlf\u00fchl-OaseFrisko Friseur und Kosmetik Sch\u00f6n, dass Sie da sind&#8220;Wir w\u00fcnschen, dass Sie sich in unseremhellen, warmen und individuellen Ambienteentspannen [&hellip;]<\/p>\n","protected":false},"author":2,"featured_media":0,"parent":0,"menu_order":2,"comment_status":"closed","ping_status":"closed","template":"","meta":{"ngg_post_thumbnail":0,"footnotes":""},"class_list":["post-13","page","type-page","status-publish","hentry"],"_links":{"self":[{"href":"https:\/\/friseur-salon-frisko-boeblingen.de\/index.php?rest_route=\/wp\/v2\/pages\/13","targetHints":{"allow":["GET"]}}],"collection":[{"href":"https:\/\/friseur-salon-frisko-boeblingen.de\/index.php?rest_route=\/wp\/v2\/pages"}],"about":[{"href":"https:\/\/friseur-salon-frisko-boeblingen.de\/index.php?rest_route=\/wp\/v2\/types\/page"}],"author":[{"embeddable":true,"href":"https:\/\/friseur-salon-frisko-boeblingen.de\/index.php?rest_route=\/wp\/v2\/users\/2"}],"replies":[{"embeddable":true,"href":"https:\/\/friseur-salon-frisko-boeblingen.de\/index.php?rest_route=%2Fwp%2Fv2%2Fcomments&post=13"}],"version-history":[{"count":7,"href":"https:\/\/friseur-salon-frisko-boeblingen.de\/index.php?rest_route=\/wp\/v2\/pages\/13\/revisions"}],"predecessor-version":[{"id":107,"href":"https:\/\/friseur-salon-frisko-boeblingen.de\/index.php?rest_route=\/wp\/v2\/pages\/13\/revisions\/107"}],"wp:attachment":[{"href":"https:\/\/friseur-salon-frisko-boeblingen.de\/index.php?rest_route=%2Fwp%2Fv2%2Fmedia&parent=13"}],"curies":[{"name":"wp","href":"https:\/\/api.w.org\/{rel}","templated":true}]}}